{"id":2,"date":"2024-09-25T14:35:38","date_gmt":"2024-09-25T12:35:38","guid":{"rendered":"http:\/\/laval-grece.com\/?page_id=2"},"modified":"2025-09-06T01:39:37","modified_gmt":"2025-09-05T23:39:37","slug":"page-d-exemple","status":"publish","type":"page","link":"https:\/\/laval-grece.com\/index.php\/page-d-exemple\/","title":{"rendered":"\u00c9v\u00e8nements"},"content":{"rendered":"<p>[et_pb_section fb_built=\u00a0\u00bb1&Prime; _builder_version=\u00a0\u00bb4.27.0&Prime; global_colors_info=\u00a0\u00bb{}\u00a0\u00bb][et_pb_row column_structure=\u00a0\u00bb1_4,1_4,1_4,1_4&Prime; _builder_version=\u00a0\u00bb4.27.0&Prime; background_size=\u00a0\u00bbinitial\u00a0\u00bb background_position=\u00a0\u00bbtop_left\u00a0\u00bb background_repeat=\u00a0\u00bbrepeat\u00a0\u00bb global_colors_info=\u00a0\u00bb{}\u00a0\u00bb][et_pb_column type=\u00a0\u00bb1_4&Prime; _builder_version=\u00a0\u00bb4.16&Prime; custom_padding=\u00a0\u00bb|||\u00a0\u00bb global_colors_info=\u00a0\u00bb{}\u00a0\u00bb custom_padding__hover=\u00a0\u00bb|||\u00a0\u00bb][et_pb_text disabled_on=\u00a0\u00bboff|off|off\u00a0\u00bb _builder_version=\u00a0\u00bb4.16&Prime; background_size=\u00a0\u00bbinitial\u00a0\u00bb background_position=\u00a0\u00bbtop_left\u00a0\u00bb background_repeat=\u00a0\u00bbrepeat\u00a0\u00bb ab_subject=\u00a0\u00bbon\u00a0\u00bb ab_subject_id=\u00a0\u00bb1&Prime; ab_goal=\u00a0\u00bbon\u00a0\u00bb inline_fonts=\u00a0\u00bbAbhaya Libre\u00a0\u00bb global_colors_info=\u00a0\u00bb{}\u00a0\u00bb]<\/p>\n<p>\u00a0<strong><span style=\"text-decoration: underline; font-family: inherit;\"><span style=\"color: #1d60aa; text-decoration: underline;\">LE MARCHE DE <span>NO<\/span>EL<\/span><\/span><\/strong><\/p>\n<p>\u00a0<img loading=\"lazy\" decoding=\"async\" width=\"1024\" height=\"768\" src=\"https:\/\/laval-grece.com\/wp-content\/uploads\/2025\/09\/79e33883-b4cf-4aca-a98e-e1b6e80b980b-1024x768.jpeg\" alt=\"\" class=\"wp-image-287\" style=\"font-size: 14px;\" srcset=\"https:\/\/laval-grece.com\/wp-content\/uploads\/2025\/09\/79e33883-b4cf-4aca-a98e-e1b6e80b980b-980x735.jpeg 980w, https:\/\/laval-grece.com\/wp-content\/uploads\/2025\/09\/79e33883-b4cf-4aca-a98e-e1b6e80b980b-480x360.jpeg 480w\" sizes=\"auto, (min-width: 0px) and (max-width: 480px) 480px, (min-width: 481px) and (max-width: 980px) 980px, (min-width: 981px) 1024px, 100vw\" \/><\/p>\n<p>\u00a0<span style=\"color: #1d60aa;\">L&rsquo;association participe chaque ann\u00e9e au March\u00e9 de No\u00ebl de Laval depuis 2001. Elle vend des produits grecs dont notamment l&rsquo;huile de Chalcidique!\u00a0<\/span><\/p>\n<p>&nbsp;<\/p>\n<p>&nbsp;<\/p>\n<p>&nbsp;<\/p>\n<p>&nbsp;<\/p>\n<p>&nbsp;<\/p>\n<p>&nbsp;<\/p>\n<p><!-- \/divi:paragraph --><!-- \/divi:quote --><!-- divi:paragraph --><!-- \/divi:paragraph --><\/p>\n<p>&nbsp;<\/p>\n<p>&nbsp;<\/p>\n<p>&nbsp;<\/p>\n<p>&nbsp;<\/p>\n<p>&nbsp;<\/p>\n<p>&nbsp;<\/p>\n<p>&nbsp;<\/p>\n<p>&nbsp;<\/p>\n<p>&nbsp;<\/p>\n<p>&nbsp;<\/p>\n<p>&nbsp;<\/p>\n<p><!-- divi:image {\"id\":287,\"sizeSlug\":\"large\",\"linkDestination\":\"none\"} --><\/p>\n<p>&nbsp;<\/p>\n<p>&nbsp;<\/p>\n<p>&nbsp;<\/p>\n<p>&nbsp;<\/p>\n<p>&nbsp;<\/p>\n<p>&nbsp;<\/p>\n<p>&nbsp;<\/p>\n<p>&nbsp;<\/p>\n<p>&nbsp;<\/p>\n<p>&nbsp;<\/p>\n<p>&nbsp;<\/p>\n<p>&nbsp;<\/p>\n<p>&nbsp;<\/p>\n<p>&nbsp;<\/p>\n<p>&nbsp;<\/p>\n<p>&nbsp;<\/p>\n<p>&nbsp;<\/p>\n<p>&nbsp;<\/p>\n<p>&nbsp;<\/p>\n<p>&nbsp;<\/p>\n<p>&nbsp;<\/p>\n<p>&nbsp;<\/p>\n<p>&nbsp;<\/p>\n<p><!-- \/divi:image -->[\/et_pb_text][et_pb_text disabled_on=\u00a0\u00bboff|off|on\u00a0\u00bb _builder_version=\u00a0\u00bb4.16&Prime; background_size=\u00a0\u00bbinitial\u00a0\u00bb background_position=\u00a0\u00bbtop_left\u00a0\u00bb background_repeat=\u00a0\u00bbrepeat\u00a0\u00bb ab_subject=\u00a0\u00bbon\u00a0\u00bb ab_subject_id=\u00a0\u00bb3&Prime; ab_goal=\u00a0\u00bbon\u00a0\u00bb inline_fonts=\u00a0\u00bbAbhaya Libre\u00a0\u00bb global_colors_info=\u00a0\u00bb{}\u00a0\u00bb]<\/p>\n<p>&nbsp;<\/p>\n<p>\u00a0<strong><span style=\"text-decoration: underline; font-family: inherit;\">LE MARCHE DE NOEL<\/span><\/strong><\/p>\n<p>&nbsp;<\/p>\n<p>&nbsp;<\/p>\n<p><!-- \/divi:paragraph --><!-- \/divi:quote --><!-- divi:paragraph --><!-- \/divi:paragraph --><\/p>\n<p>&nbsp;<\/p>\n<p>&nbsp;<\/p>\n<p>&nbsp;<\/p>\n<p>&nbsp;<\/p>\n<p><!-- divi:image {\"id\":287,\"sizeSlug\":\"large\",\"linkDestination\":\"none\"} --><\/p>\n<figure class=\"wp-block-image size-large\"><img loading=\"lazy\" decoding=\"async\" width=\"1024\" height=\"768\" src=\"https:\/\/laval-grece.com\/wp-content\/uploads\/2025\/09\/79e33883-b4cf-4aca-a98e-e1b6e80b980b-1024x768.jpeg\" alt=\"\" class=\"wp-image-287\" srcset=\"https:\/\/laval-grece.com\/wp-content\/uploads\/2025\/09\/79e33883-b4cf-4aca-a98e-e1b6e80b980b-980x735.jpeg 980w, https:\/\/laval-grece.com\/wp-content\/uploads\/2025\/09\/79e33883-b4cf-4aca-a98e-e1b6e80b980b-480x360.jpeg 480w\" sizes=\"auto, (min-width: 0px) and (max-width: 480px) 480px, (min-width: 481px) and (max-width: 980px) 980px, (min-width: 981px) 1024px, 100vw\" \/><\/figure>\n<p>&nbsp;<\/p>\n<p>&nbsp;<\/p>\n<p>&nbsp;<\/p>\n<p>&nbsp;<\/p>\n<p>&nbsp;<\/p>\n<p>&nbsp;<\/p>\n<p>&nbsp;<\/p>\n<p>&nbsp;<\/p>\n<p>&nbsp;<\/p>\n<p>&nbsp;<\/p>\n<p>&nbsp;<\/p>\n<p>&nbsp;<\/p>\n<p>&nbsp;<\/p>\n<p>&nbsp;<\/p>\n<p>&nbsp;<\/p>\n<p>&nbsp;<\/p>\n<p><!-- \/divi:image -->[\/et_pb_text][et_pb_text _builder_version=\u00a0\u00bb4.27.0&Prime; text_text_color=\u00a0\u00bb#1D60AA\u00a0\u00bb text_font_size=\u00a0\u00bb11px\u00a0\u00bb background_size=\u00a0\u00bbinitial\u00a0\u00bb background_position=\u00a0\u00bbtop_left\u00a0\u00bb background_repeat=\u00a0\u00bbrepeat\u00a0\u00bb ab_subject=\u00a0\u00bbon\u00a0\u00bb ab_subject_id=\u00a0\u00bb2&Prime; ab_goal=\u00a0\u00bbon\u00a0\u00bb global_colors_info=\u00a0\u00bb{}\u00a0\u00bb]<\/p>\n<p style=\"text-align: center;\"><span style=\"text-decoration: underline;\"><strong>\u00a0 LE MARCHE DE NOEL<\/strong><\/span><\/p>\n<p>&nbsp;<\/p>\n<p><img loading=\"lazy\" decoding=\"async\" width=\"1024\" height=\"768\" src=\"https:\/\/laval-grece.com\/wp-content\/uploads\/2025\/09\/79e33883-b4cf-4aca-a98e-e1b6e80b980b-1024x768.jpeg\" alt=\"\" class=\"wp-image-287\" style=\"font-size: 11px; background-color: #ffffff;\" srcset=\"https:\/\/laval-grece.com\/wp-content\/uploads\/2025\/09\/79e33883-b4cf-4aca-a98e-e1b6e80b980b-980x735.jpeg 980w, https:\/\/laval-grece.com\/wp-content\/uploads\/2025\/09\/79e33883-b4cf-4aca-a98e-e1b6e80b980b-480x360.jpeg 480w\" sizes=\"auto, (min-width: 0px) and (max-width: 480px) 480px, (min-width: 481px) and (max-width: 980px) 980px, (min-width: 981px) 1024px, 100vw\" \/><\/p>\n<p style=\"text-align: justify;\">L&rsquo;association participe tous les ans depuis 2001 au March\u00e9 de No\u00ebl de la Ville de Laval qui se d\u00e9roule chaque ann\u00e9e mi-d\u00e9cembre. L&rsquo;association y vend des produits grecs dont notamment l&rsquo;huile de Chalcidique!<\/p>\n<p>&nbsp;<\/p>\n<p>&nbsp;<\/p>\n<p>&nbsp;<\/p>\n<p>&nbsp;<\/p>\n<p>&nbsp;<\/p>\n<p><!-- \/divi:paragraph --><!-- \/divi:quote --><!-- divi:paragraph --><!-- \/divi:paragraph --><!-- divi:image {\"id\":287,\"sizeSlug\":\"large\",\"linkDestination\":\"none\"} --><\/p>\n<p>&nbsp;<\/p>\n<p>&nbsp;<\/p>\n<p>&nbsp;<\/p>\n<p>&nbsp;<\/p>\n<p>&nbsp;<\/p>\n<p>&nbsp;<\/p>\n<p>&nbsp;<\/p>\n<p>&nbsp;<\/p>\n<p>&nbsp;<\/p>\n<p><!-- \/divi:image -->[\/et_pb_text][et_pb_text _builder_version=\u00a0\u00bb4.16&Prime; background_size=\u00a0\u00bbinitial\u00a0\u00bb background_position=\u00a0\u00bbtop_left\u00a0\u00bb background_repeat=\u00a0\u00bbrepeat\u00a0\u00bb ab_subject=\u00a0\u00bbon\u00a0\u00bb ab_subject_id=\u00a0\u00bb3&Prime; ab_goal=\u00a0\u00bbon\u00a0\u00bb global_colors_info=\u00a0\u00bb{}\u00a0\u00bb]<\/p>\n<p>&nbsp;<\/p>\n<p><!-- \/divi:paragraph --><!-- \/divi:quote --><!-- divi:paragraph --><!-- \/divi:paragraph --><\/p>\n<p>&nbsp;<\/p>\n<p><!-- divi:image {\"id\":287,\"sizeSlug\":\"large\",\"linkDestination\":\"none\"} --><\/p>\n<figure class=\"wp-block-image size-large\"><img loading=\"lazy\" decoding=\"async\" width=\"1024\" height=\"768\" src=\"https:\/\/laval-grece.com\/wp-content\/uploads\/2025\/09\/79e33883-b4cf-4aca-a98e-e1b6e80b980b-1024x768.jpeg\" alt=\"\" class=\"wp-image-287\" srcset=\"https:\/\/laval-grece.com\/wp-content\/uploads\/2025\/09\/79e33883-b4cf-4aca-a98e-e1b6e80b980b-980x735.jpeg 980w, https:\/\/laval-grece.com\/wp-content\/uploads\/2025\/09\/79e33883-b4cf-4aca-a98e-e1b6e80b980b-480x360.jpeg 480w\" sizes=\"auto, (min-width: 0px) and (max-width: 480px) 480px, (min-width: 481px) and (max-width: 980px) 980px, (min-width: 981px) 1024px, 100vw\" \/><\/figure>\n<p>&nbsp;<\/p>\n<p>&nbsp;<\/p>\n<p>&nbsp;<\/p>\n<p>&nbsp;<\/p>\n<p>&nbsp;<\/p>\n<p>&nbsp;<\/p>\n<p>&nbsp;<\/p>\n<p>&nbsp;<\/p>\n<p>&nbsp;<\/p>\n<p>&nbsp;<\/p>\n<p>&nbsp;<\/p>\n<p>&nbsp;<\/p>\n<p>&nbsp;<\/p>\n<p><!-- \/divi:image -->[\/et_pb_text][\/et_pb_column][et_pb_column type=\u00a0\u00bb1_4&Prime; _builder_version=\u00a0\u00bb4.27.0&Prime; _module_preset=\u00a0\u00bbdefault\u00a0\u00bb global_colors_info=\u00a0\u00bb{}\u00a0\u00bb][et_pb_text _builder_version=\u00a0\u00bb4.27.0&Prime; _module_preset=\u00a0\u00bbdefault\u00a0\u00bb hover_enabled=\u00a0\u00bb0&Prime; sticky_enabled=\u00a0\u00bb0&Prime; custom_padding=\u00a0\u00bb||0px|||\u00a0\u00bb]<\/p>\n<p style=\"text-align: justify;\"><strong style=\"font-size: 14px; color: #1d60aa;\"><span style=\"text-decoration-line: underline;\">LA JOURNEE DE L&rsquo;EUROPE<\/span><\/strong><span style=\"color: #1d60aa;\"><\/span><\/p>\n<p style=\"text-align: justify;\"><span style=\"color: #1d60aa;\"><\/span><\/p>\n<p style=\"text-align: justify;\"><span style=\"color: #1d60aa;\">L&rsquo;association participe aussi tous les ans \u00e0 la journ\u00e9e de l&rsquo;Europe organis\u00e9e par la Maison de l&rsquo;Europe de la Mayenne.<\/span><span style=\"color: #1d60aa;\"><\/span><span style=\"color: #1d60aa;\"><\/span><span style=\"color: #1d60aa;\"><\/span><span style=\"color: #1d60aa;\"><\/span><\/p>\n<p style=\"text-align: justify;\"><span style=\"color: #1d60aa;\"><\/span><\/p>\n<p style=\"text-align: justify;\"><span style=\"color: #1d60aa;\"><\/span><\/p>\n<p>[\/et_pb_text][et_pb_image src=\u00a0\u00bbhttp:\/\/laval-grece.com\/wp-content\/uploads\/2025\/09\/393412f7-104f-43d6-8eba-a3d869812a03.jpeg\u00a0\u00bb _builder_version=\u00a0\u00bb4.27.0&Prime; _module_preset=\u00a0\u00bbdefault\u00a0\u00bb title_text=\u00a0\u00bb393412f7-104f-43d6-8eba-a3d869812a03&Prime; hover_enabled=\u00a0\u00bb0&Prime; sticky_enabled=\u00a0\u00bb0&Prime; custom_padding=\u00a0\u00bb17px|||||\u00a0\u00bb][\/et_pb_image][\/et_pb_column][et_pb_column type=\u00a0\u00bb1_4&Prime; _builder_version=\u00a0\u00bb4.16&Prime; custom_padding=\u00a0\u00bb|||\u00a0\u00bb global_colors_info=\u00a0\u00bb{}\u00a0\u00bb custom_padding__hover=\u00a0\u00bb|||\u00a0\u00bb][et_pb_text _builder_version=\u00a0\u00bb4.27.0&Prime; _module_preset=\u00a0\u00bbdefault\u00a0\u00bb hover_enabled=\u00a0\u00bb0&Prime; sticky_enabled=\u00a0\u00bb0&Prime; custom_padding=\u00a0\u00bb||0px|||\u00a0\u00bb]<\/p>\n<p style=\"text-align: justify;\"><strong style=\"font-size: 14px; color: #1d60aa;\"><span style=\"text-decoration-line: underline;\">LA DICTEE LAVALLOISE<\/span><\/strong><span style=\"color: #1d60aa;\"><\/span><\/p>\n<p style=\"text-align: justify;\"><span style=\"color: #1d60aa;\"><\/span><\/p>\n<p style=\"text-align: justify;\"><span style=\"color: #1d60aa;\">L&rsquo;association participe aussi tous les ans \u00e0 la dict\u00e9e lavalloise initi\u00e9e par la Comit\u00e9 de Jumelages Laval Qu\u00e9bec. Elle se d\u00e9roule \u00e9galement en Gr\u00e8ce gr\u00e2ce \u00e0 l&rsquo;implication de professeurs de Fran\u00e7ais au Lyc\u00e9e de Polygyros et avec l&rsquo;aide de nombreux partenaires: Unit\u00e9 r\u00e9gionale de Chalcidique, L&rsquo;Institut fran\u00e7ais de Thessalonique, APLF, l&rsquo;Universit\u00e9 Aristote de Thessalonique. Elle s&rsquo;adresse aux jeunes grecs apprenant le fran\u00e7ais. L&rsquo;association offre des livres en r\u00e9compense de leur participation.<\/span><\/p>\n<p style=\"text-align: justify;\"><span style=\"color: #1d60aa;\"><\/span><\/p>\n<p style=\"text-align: justify;\"><span style=\"color: #1d60aa;\"><\/span><\/p>\n<p>[\/et_pb_text][et_pb_image src=\u00a0\u00bbhttp:\/\/laval-grece.com\/wp-content\/uploads\/2025\/09\/IMG_3869.jpeg\u00a0\u00bb _builder_version=\u00a0\u00bb4.27.0&Prime; _module_preset=\u00a0\u00bbdefault\u00a0\u00bb title_text=\u00a0\u00bbIMG_3869&Prime; hover_enabled=\u00a0\u00bb0&Prime; sticky_enabled=\u00a0\u00bb0&Prime;][\/et_pb_image][\/et_pb_column][et_pb_column type=\u00a0\u00bb1_4&Prime; _builder_version=\u00a0\u00bb4.16&Prime; custom_padding=\u00a0\u00bb|||\u00a0\u00bb global_colors_info=\u00a0\u00bb{}\u00a0\u00bb custom_padding__hover=\u00a0\u00bb|||\u00a0\u00bb][et_pb_text _builder_version=\u00a0\u00bb4.27.0&Prime; _module_preset=\u00a0\u00bbdefault\u00a0\u00bb text_text_color=\u00a0\u00bb#1D60AA\u00a0\u00bb text_orientation=\u00a0\u00bbjustified\u00a0\u00bb hover_enabled=\u00a0\u00bb0&Prime; sticky_enabled=\u00a0\u00bb0&Prime; width=\u00a0\u00bb100%\u00a0\u00bb]<\/p>\n<p><strong><span style=\"text-decoration: underline;\">AUTRES ACTIVITES<\/span><\/strong><\/p>\n<p><img loading=\"lazy\" decoding=\"async\" src=\"http:\/\/laval-grece.com\/wp-content\/uploads\/2025\/09\/9e4e04ae-ac13-4343-aa87-5837ae32582b-225x300.jpeg\" width=\"225\" height=\"300\" alt=\"\" class=\"wp-image-330 alignnone size-medium\" \/><\/p>\n<p>L&rsquo;association a \u00e0 coeur de cr\u00e9er des \u00e9changes entre Laval et sa r\u00e9gion et l&rsquo;Unit\u00e9 r\u00e9gionale de Chalcidique. Elle aide ainsi aux \u00e9changes de jeunes lyc\u00e9es, apprentis et professeurs mais \u00e9galement \u00e0 des recontres plus ponctuelles (voyage de photographes, rencontres professionnelles entre pompiers, participation \u00e0 des \u00e9v\u00e8nements autour de la Gr\u00e8ce).<\/p>\n<p>[\/et_pb_text][\/et_pb_column][\/et_pb_row][\/et_pb_section]<\/p>\n","protected":false},"excerpt":{"rendered":"<p>\u00a0LE MARCHE DE NOEL \u00a0 \u00a0L&rsquo;association participe chaque ann\u00e9e au March\u00e9 de No\u00ebl de Laval depuis 2001. Elle vend des produits grecs dont notamment l&rsquo;huile de Chalcidique!\u00a0 &nbsp; &nbsp; &nbsp; &nbsp; &nbsp; &nbsp; &nbsp; &nbsp; &nbsp; &nbsp; &nbsp; &nbsp; &nbsp; &nbsp; &nbsp; &nbsp; &nbsp; &nbsp; &nbsp; &nbsp; &nbsp; &nbsp; &nbsp; &nbsp; &nbsp; &nbsp; &nbsp; &nbsp; [&hellip;]<\/p>\n","protected":false},"author":1,"featured_media":0,"parent":0,"menu_order":0,"comment_status":"closed","ping_status":"closed","template":"","meta":{"_et_pb_use_builder":"on","_et_pb_old_content":"<!-- wp:paragraph -->\n<p>Ceci est une page d\u2019exemple. C\u2019est diff\u00e9rent d\u2019un article de blog parce qu\u2019elle restera au m\u00eame endroit et appara\u00eetra dans la navigation de votre site (dans la plupart des th\u00e8mes). La plupart des gens commencent par une page \u00ab&nbsp;\u00c0 propos&nbsp;\u00bb qui les pr\u00e9sente aux personnes visitant le site. Cela pourrait ressembler \u00e0 quelque chose comme cela&nbsp;:<\/p>\n<!-- \/wp:paragraph -->\n\n<!-- wp:quote {\"className\":\"is-style-plain\"} -->\n<blockquote class=\"wp-block-quote is-style-plain\"><!-- wp:paragraph -->\n<p>Bonjour&nbsp;! Je suis un m\u00e9canicien qui aspire \u00e0 devenir acteur, et voici mon site. J\u2019habite \u00e0 Bordeaux, j\u2019ai un super chien baptis\u00e9 Russell, et j\u2019aime la vodka (ainsi qu\u2019\u00eatre surpris par la pluie soudaine lors de longues balades sur la plage au coucher du soleil).<\/p>\n<!-- \/wp:paragraph --><\/blockquote>\n<!-- \/wp:quote -->\n\n<!-- wp:paragraph -->\n<p>\u2026ou quelque chose comme cela&nbsp;:<\/p>\n<!-- \/wp:paragraph -->\n\n<!-- wp:quote -->\n<blockquote class=\"wp-block-quote\"><!-- wp:paragraph -->\n<p>La soci\u00e9t\u00e9 123 Machin Truc a \u00e9t\u00e9 cr\u00e9\u00e9e en 1971, et n\u2019a cess\u00e9 de proposer au public des machins-trucs de qualit\u00e9 depuis lors. Situ\u00e9e \u00e0 Saint-Remy-en-Bouzemont-Saint-Genest-et-Isson, 123 Machin Truc emploie 2 000 personnes, et fabrique toutes sortes de bidules supers pour la communaut\u00e9 bouzemontoise.<\/p>\n<!-- \/wp:paragraph -->\n\n<!-- wp:group {\"metadata\":{\"categories\":[\"posts\"],\"patternName\":\"core\/query-offset-posts\",\"name\":\"D\u00e9calage\"},\"style\":{\"spacing\":{\"padding\":{\"top\":\"30px\",\"right\":\"30px\",\"bottom\":\"30px\",\"left\":\"30px\"}}},\"layout\":{\"inherit\":false}} -->\n<div class=\"wp-block-group\" style=\"padding-top:30px;padding-right:30px;padding-bottom:30px;padding-left:30px\"><!-- wp:columns -->\n<div class=\"wp-block-columns\"><!-- wp:column {\"width\":\"50%\"} -->\n<div class=\"wp-block-column\" style=\"flex-basis:50%\"><!-- wp:query {\"queryId\":17,\"query\":{\"perPage\":2,\"pages\":0,\"offset\":0,\"postType\":\"post\",\"order\":\"desc\",\"orderBy\":\"date\",\"author\":\"\",\"search\":\"\",\"exclude\":[],\"sticky\":\"exclude\",\"inherit\":false}} -->\n<div class=\"wp-block-query\"><!-- wp:post-template {\"layout\":{\"type\":\"grid\",\"columnCount\":3}} -->\n<!-- wp:post-title \/-->\n\n<!-- wp:post-date \/-->\n\n<!-- wp:spacer {\"height\":\"200px\"} -->\n<div style=\"height:200px\" aria-hidden=\"true\" class=\"wp-block-spacer\"><\/div>\n<!-- \/wp:spacer -->\n<!-- \/wp:post-template --><\/div>\n<!-- \/wp:query --><\/div>\n<!-- \/wp:column -->\n\n<!-- wp:column {\"width\":\"50%\"} -->\n<div class=\"wp-block-column\" style=\"flex-basis:50%\"><!-- wp:query {\"queryId\":18,\"query\":{\"perPage\":2,\"pages\":0,\"offset\":2,\"postType\":\"post\",\"order\":\"desc\",\"orderBy\":\"date\",\"author\":\"\",\"search\":\"\",\"exclude\":[],\"sticky\":\"exclude\",\"inherit\":false}} -->\n<div class=\"wp-block-query\"><!-- wp:post-template {\"layout\":{\"type\":\"default\"}} -->\n<!-- wp:spacer {\"height\":\"200px\"} -->\n<div style=\"height:200px\" aria-hidden=\"true\" class=\"wp-block-spacer\"><\/div>\n<!-- \/wp:spacer -->\n\n<!-- wp:post-featured-image \/-->\n\n<!-- wp:post-title \/-->\n\n<!-- wp:post-date \/-->\n<!-- \/wp:post-template --><\/div>\n<!-- \/wp:query --><\/div>\n<!-- \/wp:column --><\/div>\n<!-- \/wp:columns --><\/div>\n<!-- \/wp:group --><\/blockquote>\n<!-- \/wp:quote -->\n\n<!-- wp:paragraph -->\n<p>En tant que nouvel utilisateur ou utilisatrice de WordPress, vous devriez vous rendre sur <a href=\"http:\/\/laval-grece.com\/wp-admin\/\">votre tableau de bord<\/a> pour supprimer cette page et cr\u00e9er de nouvelles pages pour votre contenu. Amusez-vous bien&nbsp;!<\/p>\n<!-- \/wp:paragraph -->\n\n<!-- wp:image {\"id\":287,\"sizeSlug\":\"large\",\"linkDestination\":\"none\"} -->\n<figure class=\"wp-block-image size-large\"><img src=\"https:\/\/laval-grece.com\/wp-content\/uploads\/2025\/09\/79e33883-b4cf-4aca-a98e-e1b6e80b980b-1024x768.jpeg\" alt=\"\" class=\"wp-image-287\"\/><\/figure>\n<!-- \/wp:image -->","_et_gb_content_width":"","om_disable_all_campaigns":false,"_monsterinsights_skip_tracking":false,"_monsterinsights_sitenote_active":false,"_monsterinsights_sitenote_note":"","_monsterinsights_sitenote_category":0,"footnotes":""},"class_list":["post-2","page","type-page","status-publish","hentry"],"aioseo_notices":[],"_links":{"self":[{"href":"https:\/\/laval-grece.com\/index.php\/wp-json\/wp\/v2\/pages\/2","targetHints":{"allow":["GET"]}}],"collection":[{"href":"https:\/\/laval-grece.com\/index.php\/wp-json\/wp\/v2\/pages"}],"about":[{"href":"https:\/\/laval-grece.com\/index.php\/wp-json\/wp\/v2\/types\/page"}],"author":[{"embeddable":true,"href":"https:\/\/laval-grece.com\/index.php\/wp-json\/wp\/v2\/users\/1"}],"replies":[{"embeddable":true,"href":"https:\/\/laval-grece.com\/index.php\/wp-json\/wp\/v2\/comments?post=2"}],"version-history":[{"count":18,"href":"https:\/\/laval-grece.com\/index.php\/wp-json\/wp\/v2\/pages\/2\/revisions"}],"predecessor-version":[{"id":331,"href":"https:\/\/laval-grece.com\/index.php\/wp-json\/wp\/v2\/pages\/2\/revisions\/331"}],"wp:attachment":[{"href":"https:\/\/laval-grece.com\/index.php\/wp-json\/wp\/v2\/media?parent=2"}],"curies":[{"name":"wp","href":"https:\/\/api.w.org\/{rel}","templated":true}]}}